{"id":2642,"date":"2025-11-11T01:00:09","date_gmt":"2025-11-11T01:00:09","guid":{"rendered":"https:\/\/201.244.122.220\/?post_type=product&#038;p=2642"},"modified":"2026-02-19T15:25:47","modified_gmt":"2026-02-19T15:25:47","slug":"maq-polainas","status":"publish","type":"product","link":"https:\/\/bankersdecolombia.com\/?product=maq-polainas","title":{"rendered":"MAQ POLAINAS"},"content":{"rendered":"<div class=\"ast-oembed-container \" style=\"height: 100%;\"><iframe title=\"MAQUINA POLAINA\" width=\"500\" height=\"281\" src=\"https:\/\/www.youtube.com\/embed\/E8npfwxca7k?feature=oembed\" frameborder=\"0\" allow=\"accelerometer; autoplay; clipboard-write; encrypted-media; gyroscope; picture-in-picture; web-share\" referrerpolicy=\"strict-origin-when-cross-origin\" allowfullscreen><\/iframe><\/div>\n<h3>Caracter\u00edsticas principales<\/h3>\n<ul>\n<li>Dispensador autom\u00e1tico de cubre zapatos es f\u00e1cil de utilizar, no necesita alimentaci\u00f3n el\u00e9ctrica y est\u00e1 dise\u00f1ado para proteger y asegurar la higiene en su cl\u00ednica, laboratorio y hasta en su casa.<\/li>\n<\/ul>\n","protected":false},"excerpt":{"rendered":"<p><span style=\"font-weight: 400;\">Optimice la higiene de sus instalaciones con nuestro dispensador autom\u00e1tico de cubre zapatos, una soluci\u00f3n eficiente que no requiere energ\u00eda el\u00e9ctrica y es ideal para cl\u00ednicas, laboratorios, restaurantes, f\u00e1bricas y el hogar; su dise\u00f1o intuitivo permite colocar al instante polainas impermeables, resistentes y con suela antideslizante, garantizando as\u00ed la m\u00e1xima protecci\u00f3n y seguridad sanitaria en cualquier tipo de calzado y entorno. <\/span><\/p>\n","protected":false},"featured_media":2538,"comment_status":"open","ping_status":"closed","template":"","meta":{"pagelayer_contact_templates":[],"_pagelayer_content":"","site-sidebar-layout":"default","site-content-layout":"","ast-site-content-layout":"default","site-content-style":"default","site-sidebar-style":"default","ast-global-header-display":"","ast-banner-title-visibility":"","ast-main-header-display":"","ast-hfb-above-header-display":"","ast-hfb-below-header-display":"","ast-hfb-mobile-header-display":"","site-post-title":"","ast-breadcrumbs-content":"","ast-featured-img":"","footer-sml-layout":"","ast-disable-related-posts":"","theme-transparent-header-meta":"default","adv-header-id-meta":"","stick-header-meta":"default","header-above-stick-meta":"","header-main-stick-meta":"","header-below-stick-meta":"","astra-migrate-meta-layouts":"set","ast-page-background-enabled":"default","ast-page-background-meta":{"desktop":{"background-color":"","background-image":"","background-repeat":"repeat","background-position":"center center","background-size":"auto","background-attachment":"scroll","background-type":"","background-media":"","overlay-type":"","overlay-color":"","overlay-opacity":"","overlay-gradient":""},"tablet":{"background-color":"","background-image":"","background-repeat":"repeat","background-position":"center center","background-size":"auto","background-attachment":"scroll","background-type":"","background-media":"","overlay-type":"","overlay-color":"","overlay-opacity":"","overlay-gradient":""},"mobile":{"background-color":"","background-image":"","background-repeat":"repeat","background-position":"center center","background-size":"auto","background-attachment":"scroll","background-type":"","background-media":"","overlay-type":"","overlay-color":"","overlay-opacity":"","overlay-gradient":""}},"ast-content-background-meta":{"desktop":{"background-color":"var(--ast-global-color-5)","background-image":"","background-repeat":"repeat","background-position":"center center","background-size":"auto","background-attachment":"scroll","background-type":"","background-media":"","overlay-type":"","overlay-color":"","overlay-opacity":"","overlay-gradient":""},"tablet":{"background-color":"var(--ast-global-color-5)","background-image":"","background-repeat":"repeat","background-position":"center center","background-size":"auto","background-attachment":"scroll","background-type":"","background-media":"","overlay-type":"","overlay-color":"","overlay-opacity":"","overlay-gradient":""},"mobile":{"background-color":"var(--ast-global-color-5)","background-image":"","background-repeat":"repeat","background-position":"center center","background-size":"auto","background-attachment":"scroll","background-type":"","background-media":"","overlay-type":"","overlay-color":"","overlay-opacity":"","overlay-gradient":""}},"_joinchat":[]},"product_brand":[],"product_cat":[36],"product_tag":[37],"class_list":{"0":"post-2642","1":"product","2":"type-product","3":"status-publish","4":"has-post-thumbnail","6":"product_cat-maquina-de-polainas","7":"product_tag-polainas","8":"desktop-align-left","9":"tablet-align-left","10":"mobile-align-left","11":"ast-product-gallery-layout-horizontal-slider","12":"ast-magnify-disabled","13":"ast-product-tabs-layout-horizontal","15":"first","16":"instock","17":"shipping-taxable","18":"purchasable","19":"product-type-simple"},"_links":{"self":[{"href":"https:\/\/bankersdecolombia.com\/index.php?rest_route=\/wp\/v2\/product\/2642","targetHints":{"allow":["GET"]}}],"collection":[{"href":"https:\/\/bankersdecolombia.com\/index.php?rest_route=\/wp\/v2\/product"}],"about":[{"href":"https:\/\/bankersdecolombia.com\/index.php?rest_route=\/wp\/v2\/types\/product"}],"replies":[{"embeddable":true,"href":"https:\/\/bankersdecolombia.com\/index.php?rest_route=%2Fwp%2Fv2%2Fcomments&post=2642"}],"wp:featuredmedia":[{"embeddable":true,"href":"https:\/\/bankersdecolombia.com\/index.php?rest_route=\/wp\/v2\/media\/2538"}],"wp:attachment":[{"href":"https:\/\/bankersdecolombia.com\/index.php?rest_route=%2Fwp%2Fv2%2Fmedia&parent=2642"}],"wp:term":[{"taxonomy":"product_brand","embeddable":true,"href":"https:\/\/bankersdecolombia.com\/index.php?rest_route=%2Fwp%2Fv2%2Fproduct_brand&post=2642"},{"taxonomy":"product_cat","embeddable":true,"href":"https:\/\/bankersdecolombia.com\/index.php?rest_route=%2Fwp%2Fv2%2Fproduct_cat&post=2642"},{"taxonomy":"product_tag","embeddable":true,"href":"https:\/\/bankersdecolombia.com\/index.php?rest_route=%2Fwp%2Fv2%2Fproduct_tag&post=2642"}],"curies":[{"name":"wp","href":"https:\/\/api.w.org\/{rel}","templated":true}]}}