{"id":2644,"date":"2025-11-11T02:00:09","date_gmt":"2025-11-11T02:00:09","guid":{"rendered":"https:\/\/201.244.122.220\/?post_type=product&#038;p=2644"},"modified":"2026-02-19T15:25:46","modified_gmt":"2026-02-19T15:25:46","slug":"recontadora-verificadora-de-fajos-de-mesa","status":"publish","type":"product","link":"https:\/\/bankersdecolombia.com\/?product=recontadora-verificadora-de-fajos-de-mesa","title":{"rendered":"RECONTADORA\/VERIFICADORA DE FAJOS DE MESA"},"content":{"rendered":"<h3>Caracter\u00edsticas principales<\/h3>\n<ul>\n<li>Circuito electr\u00f3nico de control ofrece alta confiabilidad y velocidad de conteo.<\/li>\n<li>Contadora de billetes o fajos.<\/li>\n<li>Velocidad de conteo: 100 billetes\/3segs.<\/li>\n<li>Capacidad del brazo alimentador 100-200 billetes.<\/li>\n<li>Operaci\u00f3n autom\u00e1tica o manual.<\/li>\n<li>Panel de control para operar el equipo.<\/li>\n<li>Sistema de alarma autom\u00e1tico, cuando la cantidad de billetes es diferente al lote programado.<\/li>\n<li>Eje de alimentaci\u00f3n inclinado, operaci\u00f3n autom\u00e1tica al colocar los billetes.<\/li>\n<li>Peso Aprox.: 30Kg.<\/li>\n<\/ul>\n","protected":false},"excerpt":{"rendered":"<p>RECONTADORA\/VERIFICADORA DE FAJOS TOSHIO TS-385<\/p>\n","protected":false},"featured_media":2535,"comment_status":"open","ping_status":"closed","template":"","meta":{"pagelayer_contact_templates":[],"_pagelayer_content":"","site-sidebar-layout":"default","site-content-layout":"","ast-site-content-layout":"default","site-content-style":"default","site-sidebar-style":"default","ast-global-header-display":"","ast-banner-title-visibility":"","ast-main-header-display":"","ast-hfb-above-header-display":"","ast-hfb-below-header-display":"","ast-hfb-mobile-header-display":"","site-post-title":"","ast-breadcrumbs-content":"","ast-featured-img":"","footer-sml-layout":"","ast-disable-related-posts":"","theme-transparent-header-meta":"","adv-header-id-meta":"","stick-header-meta":"","header-above-stick-meta":"","header-main-stick-meta":"","header-below-stick-meta":"","astra-migrate-meta-layouts":"default","ast-page-background-enabled":"default","ast-page-background-meta":{"desktop":{"background-color":"","background-image":"","background-repeat":"repeat","background-position":"center center","background-size":"auto","background-attachment":"scroll","background-type":"","background-media":"","overlay-type":"","overlay-color":"","overlay-opacity":"","overlay-gradient":""},"tablet":{"background-color":"","background-image":"","background-repeat":"repeat","background-position":"center center","background-size":"auto","background-attachment":"scroll","background-type":"","background-media":"","overlay-type":"","overlay-color":"","overlay-opacity":"","overlay-gradient":""},"mobile":{"background-color":"","background-image":"","background-repeat":"repeat","background-position":"center center","background-size":"auto","background-attachment":"scroll","background-type":"","background-media":"","overlay-type":"","overlay-color":"","overlay-opacity":"","overlay-gradient":""}},"ast-content-background-meta":{"desktop":{"background-color":"var(--ast-global-color-5)","background-image":"","background-repeat":"repeat","background-position":"center center","background-size":"auto","background-attachment":"scroll","background-type":"","background-media":"","overlay-type":"","overlay-color":"","overlay-opacity":"","overlay-gradient":""},"tablet":{"background-color":"var(--ast-global-color-5)","background-image":"","background-repeat":"repeat","background-position":"center center","background-size":"auto","background-attachment":"scroll","background-type":"","background-media":"","overlay-type":"","overlay-color":"","overlay-opacity":"","overlay-gradient":""},"mobile":{"background-color":"var(--ast-global-color-5)","background-image":"","background-repeat":"repeat","background-position":"center center","background-size":"auto","background-attachment":"scroll","background-type":"","background-media":"","overlay-type":"","overlay-color":"","overlay-opacity":"","overlay-gradient":""}},"_joinchat":[]},"product_brand":[],"product_cat":[40],"product_tag":[41],"class_list":{"0":"post-2644","1":"product","2":"type-product","3":"status-publish","4":"has-post-thumbnail","6":"product_cat-recontadora-verificadora-de-fajos-de-mesa","7":"product_tag-ts-385","8":"desktop-align-left","9":"tablet-align-left","10":"mobile-align-left","11":"ast-product-gallery-layout-horizontal-slider","12":"ast-product-gallery-with-no-image","13":"ast-magnify-disabled","14":"ast-product-tabs-layout-horizontal","16":"first","17":"instock","18":"shipping-taxable","19":"purchasable","20":"product-type-simple"},"_links":{"self":[{"href":"https:\/\/bankersdecolombia.com\/index.php?rest_route=\/wp\/v2\/product\/2644","targetHints":{"allow":["GET"]}}],"collection":[{"href":"https:\/\/bankersdecolombia.com\/index.php?rest_route=\/wp\/v2\/product"}],"about":[{"href":"https:\/\/bankersdecolombia.com\/index.php?rest_route=\/wp\/v2\/types\/product"}],"replies":[{"embeddable":true,"href":"https:\/\/bankersdecolombia.com\/index.php?rest_route=%2Fwp%2Fv2%2Fcomments&post=2644"}],"wp:featuredmedia":[{"embeddable":true,"href":"https:\/\/bankersdecolombia.com\/index.php?rest_route=\/wp\/v2\/media\/2535"}],"wp:attachment":[{"href":"https:\/\/bankersdecolombia.com\/index.php?rest_route=%2Fwp%2Fv2%2Fmedia&parent=2644"}],"wp:term":[{"taxonomy":"product_brand","embeddable":true,"href":"https:\/\/bankersdecolombia.com\/index.php?rest_route=%2Fwp%2Fv2%2Fproduct_brand&post=2644"},{"taxonomy":"product_cat","embeddable":true,"href":"https:\/\/bankersdecolombia.com\/index.php?rest_route=%2Fwp%2Fv2%2Fproduct_cat&post=2644"},{"taxonomy":"product_tag","embeddable":true,"href":"https:\/\/bankersdecolombia.com\/index.php?rest_route=%2Fwp%2Fv2%2Fproduct_tag&post=2644"}],"curies":[{"name":"wp","href":"https:\/\/api.w.org\/{rel}","templated":true}]}}