{"id":2645,"date":"2025-11-11T02:07:09","date_gmt":"2025-11-11T02:07:09","guid":{"rendered":"https:\/\/201.244.122.220\/?post_type=product&#038;p=2645"},"modified":"2026-02-19T15:24:18","modified_gmt":"2026-02-19T15:24:18","slug":"depositario-de-billetes","status":"publish","type":"product","link":"https:\/\/bankersdecolombia.com\/?product=depositario-de-billetes","title":{"rendered":"DEPOSITARIO DE BILLETES"},"content":{"rendered":"<h3>Caracter\u00edsticas principales<\/h3>\n<ul>\n<li>P2600 es una m\u00e1quina compacta para gestionar el proceso de recaudo, que incluye la validaci\u00f3n de billetes, el recuento y el almacenamiento para crear entornos convenientes y seguros para la satisfacci\u00f3n del cliente.<\/li>\n<li>Los beneficios de usar P2600 se vuelven reconocidos e indispensables. La tecnolog\u00eda inteligente garantiza un almacenamiento y transporte de billetes de manera f\u00e1cil y segura, mientras que el dise\u00f1o compacto requiere poco espacio para acomodarse a varias funciones.<\/li>\n<li>Alta velocidad de procesamiento de billetes (hasta 720 piezas por minuto) junto con la gran capacidad de la tolva de alimentaci\u00f3n (200 billetes).<\/li>\n<li>El contenido se guarda en la bolsa con un cierre autom\u00e1tico. Las bolsas de cada modelo tienen capacidad para hasta 3000\/15 000\/30 000 billetes a la vez.<\/li>\n<\/ul>\n","protected":false},"excerpt":{"rendered":"<p>DEPOSITARIO DE BILLETES P2600L<\/p>\n","protected":false},"featured_media":2534,"comment_status":"open","ping_status":"closed","template":"","meta":{"pagelayer_contact_templates":[],"_pagelayer_content":"","site-sidebar-layout":"default","site-content-layout":"","ast-site-content-layout":"default","site-content-style":"default","site-sidebar-style":"default","ast-global-header-display":"","ast-banner-title-visibility":"","ast-main-header-display":"","ast-hfb-above-header-display":"","ast-hfb-below-header-display":"","ast-hfb-mobile-header-display":"","site-post-title":"","ast-breadcrumbs-content":"","ast-featured-img":"","footer-sml-layout":"","ast-disable-related-posts":"","theme-transparent-header-meta":"default","adv-header-id-meta":"","stick-header-meta":"default","header-above-stick-meta":"","header-main-stick-meta":"","header-below-stick-meta":"","astra-migrate-meta-layouts":"set","ast-page-background-enabled":"default","ast-page-background-meta":{"desktop":{"background-color":"","background-image":"","background-repeat":"repeat","background-position":"center center","background-size":"auto","background-attachment":"scroll","background-type":"","background-media":"","overlay-type":"","overlay-color":"","overlay-opacity":"","overlay-gradient":""},"tablet":{"background-color":"","background-image":"","background-repeat":"repeat","background-position":"center center","background-size":"auto","background-attachment":"scroll","background-type":"","background-media":"","overlay-type":"","overlay-color":"","overlay-opacity":"","overlay-gradient":""},"mobile":{"background-color":"","background-image":"","background-repeat":"repeat","background-position":"center center","background-size":"auto","background-attachment":"scroll","background-type":"","background-media":"","overlay-type":"","overlay-color":"","overlay-opacity":"","overlay-gradient":""}},"ast-content-background-meta":{"desktop":{"background-color":"var(--ast-global-color-5)","background-image":"","background-repeat":"repeat","background-position":"center center","background-size":"auto","background-attachment":"scroll","background-type":"","background-media":"","overlay-type":"","overlay-color":"","overlay-opacity":"","overlay-gradient":""},"tablet":{"background-color":"var(--ast-global-color-5)","background-image":"","background-repeat":"repeat","background-position":"center center","background-size":"auto","background-attachment":"scroll","background-type":"","background-media":"","overlay-type":"","overlay-color":"","overlay-opacity":"","overlay-gradient":""},"mobile":{"background-color":"var(--ast-global-color-5)","background-image":"","background-repeat":"repeat","background-position":"center center","background-size":"auto","background-attachment":"scroll","background-type":"","background-media":"","overlay-type":"","overlay-color":"","overlay-opacity":"","overlay-gradient":""}},"_joinchat":[]},"product_brand":[],"product_cat":[42],"product_tag":[43],"class_list":{"0":"post-2645","1":"product","2":"type-product","3":"status-publish","4":"has-post-thumbnail","6":"product_cat-depostario-de-billetes","7":"product_tag-p2600l","8":"desktop-align-left","9":"tablet-align-left","10":"mobile-align-left","11":"ast-product-gallery-layout-horizontal-slider","12":"ast-product-gallery-with-no-image","13":"ast-magnify-disabled","14":"ast-product-tabs-layout-horizontal","16":"first","17":"instock","18":"shipping-taxable","19":"purchasable","20":"product-type-simple"},"_links":{"self":[{"href":"https:\/\/bankersdecolombia.com\/index.php?rest_route=\/wp\/v2\/product\/2645","targetHints":{"allow":["GET"]}}],"collection":[{"href":"https:\/\/bankersdecolombia.com\/index.php?rest_route=\/wp\/v2\/product"}],"about":[{"href":"https:\/\/bankersdecolombia.com\/index.php?rest_route=\/wp\/v2\/types\/product"}],"replies":[{"embeddable":true,"href":"https:\/\/bankersdecolombia.com\/index.php?rest_route=%2Fwp%2Fv2%2Fcomments&post=2645"}],"wp:featuredmedia":[{"embeddable":true,"href":"https:\/\/bankersdecolombia.com\/index.php?rest_route=\/wp\/v2\/media\/2534"}],"wp:attachment":[{"href":"https:\/\/bankersdecolombia.com\/index.php?rest_route=%2Fwp%2Fv2%2Fmedia&parent=2645"}],"wp:term":[{"taxonomy":"product_brand","embeddable":true,"href":"https:\/\/bankersdecolombia.com\/index.php?rest_route=%2Fwp%2Fv2%2Fproduct_brand&post=2645"},{"taxonomy":"product_cat","embeddable":true,"href":"https:\/\/bankersdecolombia.com\/index.php?rest_route=%2Fwp%2Fv2%2Fproduct_cat&post=2645"},{"taxonomy":"product_tag","embeddable":true,"href":"https:\/\/bankersdecolombia.com\/index.php?rest_route=%2Fwp%2Fv2%2Fproduct_tag&post=2645"}],"curies":[{"name":"wp","href":"https:\/\/api.w.org\/{rel}","templated":true}]}}