{"id":2647,"date":"2025-11-11T02:05:09","date_gmt":"2025-11-11T02:05:09","guid":{"rendered":"https:\/\/201.244.122.220\/?post_type=product&#038;p=2647"},"modified":"2026-02-19T15:25:46","modified_gmt":"2026-02-19T15:25:46","slug":"reciclador-de-billetes","status":"publish","type":"product","link":"https:\/\/bankersdecolombia.com\/?product=reciclador-de-billetes","title":{"rendered":"RECICLADOR DE BILLETES"},"content":{"rendered":"<h3>Caracter\u00edsticas principales<\/h3>\n<ul>\n<li>Depositar, retirar y almacenar en caja fuerte.<\/li>\n<li>Se puede configurar para solo dep\u00f3sitos, dispensar o ambos a la vez.<\/li>\n<li>El dinero queda almacenado en cassettes.<\/li>\n<li>Los cassettes pueden ser utilizados en otros equipos de la misma empresa.<\/li>\n<li>Cuenta con un cofre de seguridad que cumple con el est\u00e1ndar UL291.<\/li>\n<li>Trae lector de tarjeta para identificaci\u00f3n.<\/li>\n<li>Tiene PINPAD encriptado.<\/li>\n<li>Tiene la opci\u00f3n de rastreo de las series de los billetes.<\/li>\n<li>Velocidad de dep\u00f3sito o dispensado: 8 billetes por segundo.<\/li>\n<li>Capacidad m\u00e1xima por transacci\u00f3n: 200 billetes.<\/li>\n<li>Capacidad Escrow: 200 billetes.<\/li>\n<li>Hasta 4 cassettes de reciclaje de billetes y un cassette de aceptaci\u00f3n.<\/li>\n<li>Capacidad de cassette: 2.000 billetes aprox.<\/li>\n<li>Capacidad del cassette de aceptaci\u00f3n: 2.000 billetes m\u00e1ximo.<\/li>\n<li>Soporta hasta 64 denominaciones de billetes.<\/li>\n<li>Pantalla t\u00e1ctil de 7 pulgadas.<\/li>\n<li>Teclado encriptado PINPAD con encriptaci\u00f3n DES, 3DES y RSA.<\/li>\n<li>Lector de tarjeta: DIP Card y tarjeta magn\u00e9tica.<\/li>\n<li>Impresora de recibos.<\/li>\n<li>Lector de c\u00f3digo de barras opcional.<\/li>\n<li>Esc\u00e1ner de huellas opcional.<\/li>\n<li>Lector de tarjetas contactless opcional.<\/li>\n<li>Comunicaci\u00f3n mediante conexi\u00f3n est\u00e1ndar TCP-IP.<\/li>\n<li>Peso: 565 kg.<\/li>\n<li>Temperatura de trabajo interior: 0 \u00b0C a 40 \u00b0C. Exterior: -35 \u00b0C a 50 \u00b0C.<\/li>\n<\/ul>\n","protected":false},"excerpt":{"rendered":"<p>RECICLADOR DE BILLETES P5800L<\/p>\n","protected":false},"featured_media":2531,"comment_status":"open","ping_status":"closed","template":"","meta":{"pagelayer_contact_templates":[],"_pagelayer_content":"","site-sidebar-layout":"default","site-content-layout":"","ast-site-content-layout":"default","site-content-style":"default","site-sidebar-style":"default","ast-global-header-display":"","ast-banner-title-visibility":"","ast-main-header-display":"","ast-hfb-above-header-display":"","ast-hfb-below-header-display":"","ast-hfb-mobile-header-display":"","site-post-title":"","ast-breadcrumbs-content":"","ast-featured-img":"","footer-sml-layout":"","ast-disable-related-posts":"","theme-transparent-header-meta":"","adv-header-id-meta":"","stick-header-meta":"","header-above-stick-meta":"","header-main-stick-meta":"","header-below-stick-meta":"","astra-migrate-meta-layouts":"default","ast-page-background-enabled":"default","ast-page-background-meta":{"desktop":{"background-color":"","background-image":"","background-repeat":"repeat","background-position":"center center","background-size":"auto","background-attachment":"scroll","background-type":"","background-media":"","overlay-type":"","overlay-color":"","overlay-opacity":"","overlay-gradient":""},"tablet":{"background-color":"","background-image":"","background-repeat":"repeat","background-position":"center center","background-size":"auto","background-attachment":"scroll","background-type":"","background-media":"","overlay-type":"","overlay-color":"","overlay-opacity":"","overlay-gradient":""},"mobile":{"background-color":"","background-image":"","background-repeat":"repeat","background-position":"center center","background-size":"auto","background-attachment":"scroll","background-type":"","background-media":"","overlay-type":"","overlay-color":"","overlay-opacity":"","overlay-gradient":""}},"ast-content-background-meta":{"desktop":{"background-color":"var(--ast-global-color-5)","background-image":"","background-repeat":"repeat","background-position":"center center","background-size":"auto","background-attachment":"scroll","background-type":"","background-media":"","overlay-type":"","overlay-color":"","overlay-opacity":"","overlay-gradient":""},"tablet":{"background-color":"var(--ast-global-color-5)","background-image":"","background-repeat":"repeat","background-position":"center center","background-size":"auto","background-attachment":"scroll","background-type":"","background-media":"","overlay-type":"","overlay-color":"","overlay-opacity":"","overlay-gradient":""},"mobile":{"background-color":"var(--ast-global-color-5)","background-image":"","background-repeat":"repeat","background-position":"center center","background-size":"auto","background-attachment":"scroll","background-type":"","background-media":"","overlay-type":"","overlay-color":"","overlay-opacity":"","overlay-gradient":""}},"_joinchat":[]},"product_brand":[],"product_cat":[45],"product_tag":[46],"class_list":{"0":"post-2647","1":"product","2":"type-product","3":"status-publish","4":"has-post-thumbnail","6":"product_cat-reciclador-de-billetes","7":"product_tag-p5800l","8":"desktop-align-left","9":"tablet-align-left","10":"mobile-align-left","11":"ast-product-gallery-layout-horizontal-slider","12":"ast-product-gallery-with-no-image","13":"ast-magnify-disabled","14":"ast-product-tabs-layout-horizontal","16":"first","17":"instock","18":"shipping-taxable","19":"purchasable","20":"product-type-simple"},"_links":{"self":[{"href":"https:\/\/bankersdecolombia.com\/index.php?rest_route=\/wp\/v2\/product\/2647","targetHints":{"allow":["GET"]}}],"collection":[{"href":"https:\/\/bankersdecolombia.com\/index.php?rest_route=\/wp\/v2\/product"}],"about":[{"href":"https:\/\/bankersdecolombia.com\/index.php?rest_route=\/wp\/v2\/types\/product"}],"replies":[{"embeddable":true,"href":"https:\/\/bankersdecolombia.com\/index.php?rest_route=%2Fwp%2Fv2%2Fcomments&post=2647"}],"wp:featuredmedia":[{"embeddable":true,"href":"https:\/\/bankersdecolombia.com\/index.php?rest_route=\/wp\/v2\/media\/2531"}],"wp:attachment":[{"href":"https:\/\/bankersdecolombia.com\/index.php?rest_route=%2Fwp%2Fv2%2Fmedia&parent=2647"}],"wp:term":[{"taxonomy":"product_brand","embeddable":true,"href":"https:\/\/bankersdecolombia.com\/index.php?rest_route=%2Fwp%2Fv2%2Fproduct_brand&post=2647"},{"taxonomy":"product_cat","embeddable":true,"href":"https:\/\/bankersdecolombia.com\/index.php?rest_route=%2Fwp%2Fv2%2Fproduct_cat&post=2647"},{"taxonomy":"product_tag","embeddable":true,"href":"https:\/\/bankersdecolombia.com\/index.php?rest_route=%2Fwp%2Fv2%2Fproduct_tag&post=2647"}],"curies":[{"name":"wp","href":"https:\/\/api.w.org\/{rel}","templated":true}]}}