{"id":2649,"date":"2025-11-11T02:10:09","date_gmt":"2025-11-11T02:10:09","guid":{"rendered":"https:\/\/201.244.122.220\/?post_type=product&#038;p=2649"},"modified":"2026-02-19T15:23:13","modified_gmt":"2026-02-19T15:23:13","slug":"clasificadora-de-billetes","status":"publish","type":"product","link":"https:\/\/bankersdecolombia.com\/?product=clasificadora-de-billetes","title":{"rendered":"CLASIFICADORA DE BILLETES"},"content":{"rendered":"<p><iframe title=\"YouTube video player\" src=\"https:\/\/www.youtube.com\/embed\/glRAMNZXwHA\" width=\"100%\" height=\"460\" frameborder=\"0\" allowfullscreen=\"allowfullscreen\"><span data-mce-type=\"bookmark\" style=\"display: inline-block; width: 0px; overflow: hidden; line-height: 0;\" class=\"mce_SELRES_start\">\ufeff<\/span><\/iframe><\/p>\n<h3>Caracter\u00edsticas principales<\/h3>\n<ul>\n<li>Clasificadora de billetes de alto rendimiento con 6 u 8 apiladores, dise\u00f1ada para procesar grandes vol\u00famenes de efectivo en centros de efectivo de empresas y bancos.<\/li>\n<li>Rendimiento confiable con tecnolog\u00eda avanzada de reconocimiento de billetes y software de administraci\u00f3n integral para una clasificaci\u00f3n automatizada en un solo paso.<\/li>\n<li>Ofrece m\u00faltiples esquemas de clasificaci\u00f3n de billetes.<\/li>\n<li>Velocidad de conteo: 720 billetes por minuto clasificando y 1000 billetes por minuto en modo conteo.<\/li>\n<li>Tecnolog\u00eda profesional de detecci\u00f3n integral de billetes falsos.<\/li>\n<li>Clasificaci\u00f3n por denominaci\u00f3n.<\/li>\n<li>Clasificaci\u00f3n por orientaci\u00f3n (careo).<\/li>\n<li>Clasificaci\u00f3n por versi\u00f3n de billetes.<\/li>\n<li>Clasificaci\u00f3n por calidad: ATM, APTO y no APTO.<\/li>\n<li>Captura autom\u00e1tica del n\u00famero de serie.<\/li>\n<li>Pantalla t\u00e1ctil LCD de 7&#8243;.<\/li>\n<li>Puertos USB, RS-232 y LAN.<\/li>\n<li>Compatible con actualizaci\u00f3n y diagn\u00f3stico remoto.<\/li>\n<li>Impresi\u00f3n de informes de clasificaci\u00f3n disponible como opci\u00f3n.<\/li>\n<\/ul>\n","protected":false},"excerpt":{"rendered":"<p>CLASIFICADORA DE BILLETES CM400\/600\/800<\/p>\n","protected":false},"featured_media":2527,"comment_status":"open","ping_status":"closed","template":"","meta":{"pagelayer_contact_templates":[],"_pagelayer_content":"","site-sidebar-layout":"default","site-content-layout":"","ast-site-content-layout":"default","site-content-style":"default","site-sidebar-style":"default","ast-global-header-display":"","ast-banner-title-visibility":"","ast-main-header-display":"","ast-hfb-above-header-display":"","ast-hfb-below-header-display":"","ast-hfb-mobile-header-display":"","site-post-title":"","ast-breadcrumbs-content":"","ast-featured-img":"","footer-sml-layout":"","ast-disable-related-posts":"","theme-transparent-header-meta":"default","adv-header-id-meta":"","stick-header-meta":"default","header-above-stick-meta":"","header-main-stick-meta":"","header-below-stick-meta":"","astra-migrate-meta-layouts":"set","ast-page-background-enabled":"default","ast-page-background-meta":{"desktop":{"background-color":"","background-image":"","background-repeat":"repeat","background-position":"center center","background-size":"auto","background-attachment":"scroll","background-type":"","background-media":"","overlay-type":"","overlay-color":"","overlay-opacity":"","overlay-gradient":""},"tablet":{"background-color":"","background-image":"","background-repeat":"repeat","background-position":"center center","background-size":"auto","background-attachment":"scroll","background-type":"","background-media":"","overlay-type":"","overlay-color":"","overlay-opacity":"","overlay-gradient":""},"mobile":{"background-color":"","background-image":"","background-repeat":"repeat","background-position":"center center","background-size":"auto","background-attachment":"scroll","background-type":"","background-media":"","overlay-type":"","overlay-color":"","overlay-opacity":"","overlay-gradient":""}},"ast-content-background-meta":{"desktop":{"background-color":"var(--ast-global-color-5)","background-image":"","background-repeat":"repeat","background-position":"center center","background-size":"auto","background-attachment":"scroll","background-type":"","background-media":"","overlay-type":"","overlay-color":"","overlay-opacity":"","overlay-gradient":""},"tablet":{"background-color":"var(--ast-global-color-5)","background-image":"","background-repeat":"repeat","background-position":"center center","background-size":"auto","background-attachment":"scroll","background-type":"","background-media":"","overlay-type":"","overlay-color":"","overlay-opacity":"","overlay-gradient":""},"mobile":{"background-color":"var(--ast-global-color-5)","background-image":"","background-repeat":"repeat","background-position":"center center","background-size":"auto","background-attachment":"scroll","background-type":"","background-media":"","overlay-type":"","overlay-color":"","overlay-opacity":"","overlay-gradient":""}},"_joinchat":[]},"product_brand":[],"product_cat":[48],"product_tag":[49],"class_list":{"0":"post-2649","1":"product","2":"type-product","3":"status-publish","4":"has-post-thumbnail","6":"product_cat-clasificadora-de-billetes","7":"product_tag-cm400-600-800","8":"desktop-align-left","9":"tablet-align-left","10":"mobile-align-left","11":"ast-product-gallery-layout-horizontal-slider","12":"ast-magnify-disabled","13":"ast-product-tabs-layout-horizontal","15":"first","16":"instock","17":"shipping-taxable","18":"purchasable","19":"product-type-simple"},"_links":{"self":[{"href":"https:\/\/bankersdecolombia.com\/index.php?rest_route=\/wp\/v2\/product\/2649","targetHints":{"allow":["GET"]}}],"collection":[{"href":"https:\/\/bankersdecolombia.com\/index.php?rest_route=\/wp\/v2\/product"}],"about":[{"href":"https:\/\/bankersdecolombia.com\/index.php?rest_route=\/wp\/v2\/types\/product"}],"replies":[{"embeddable":true,"href":"https:\/\/bankersdecolombia.com\/index.php?rest_route=%2Fwp%2Fv2%2Fcomments&post=2649"}],"wp:featuredmedia":[{"embeddable":true,"href":"https:\/\/bankersdecolombia.com\/index.php?rest_route=\/wp\/v2\/media\/2527"}],"wp:attachment":[{"href":"https:\/\/bankersdecolombia.com\/index.php?rest_route=%2Fwp%2Fv2%2Fmedia&parent=2649"}],"wp:term":[{"taxonomy":"product_brand","embeddable":true,"href":"https:\/\/bankersdecolombia.com\/index.php?rest_route=%2Fwp%2Fv2%2Fproduct_brand&post=2649"},{"taxonomy":"product_cat","embeddable":true,"href":"https:\/\/bankersdecolombia.com\/index.php?rest_route=%2Fwp%2Fv2%2Fproduct_cat&post=2649"},{"taxonomy":"product_tag","embeddable":true,"href":"https:\/\/bankersdecolombia.com\/index.php?rest_route=%2Fwp%2Fv2%2Fproduct_tag&post=2649"}],"curies":[{"name":"wp","href":"https:\/\/api.w.org\/{rel}","templated":true}]}}